{"id":5868,"date":"2022-03-25T17:29:05","date_gmt":"2022-03-25T17:29:05","guid":{"rendered":"https:\/\/innovation-yachts.com\/ant-arctic-lab-2\/verfolgung\/"},"modified":"2023-07-19T14:25:30","modified_gmt":"2023-07-19T14:25:30","slug":"tracking","status":"publish","type":"page","link":"https:\/\/innovation-yachts.com\/de\/aal\/tracking\/","title":{"rendered":"Tracking"},"content":{"rendered":"\t\t<div data-elementor-type=\"wp-page\" data-elementor-id=\"5868\" class=\"elementor elementor-5868 elementor-5512\" data-elementor-post-type=\"page\">\n\t\t\t\t\t\t\t\t\t<section class=\"elementor-section elementor-top-section elementor-element elementor-element-573f727c elementor-section-height-min-height elementor-section-boxed elementor-section-height-default elementor-section-items-middle\" data-id=\"573f727c\" data-element_type=\"section\" data-settings=\"{&quot;background_background&quot;:&quot;classic&quot;}\">\n\t\t\t\t\t\t\t<div class=\"elementor-background-overlay\"><\/div>\n\t\t\t\t\t\t\t<div class=\"elementor-container elementor-column-gap-default\">\n\t\t\t\t\t<div class=\"elementor-column elementor-col-100 elementor-top-column elementor-element elementor-element-4d1d88b7\" data-id=\"4d1d88b7\" data-element_type=\"column\">\n\t\t\t<div class=\"elementor-widget-wrap elementor-element-populated\">\n\t\t\t\t\t\t\t\t<div class=\"elementor-element elementor-element-7969be52 elementor-widget elementor-widget-heading\" data-id=\"7969be52\" data-element_type=\"widget\" data-widget_type=\"heading.default\">\n\t\t\t\t<div class=\"elementor-widget-container\">\n\t\t\t<style>\/*! elementor - v3.18.0 - 20-12-2023 *\/\n.elementor-heading-title{padding:0;margin:0;line-height:1}.elementor-widget-heading .elementor-heading-title[class*=elementor-size-]>a{color:inherit;font-size:inherit;line-height:inherit}.elementor-widget-heading .elementor-heading-title.elementor-size-small{font-size:15px}.elementor-widget-heading .elementor-heading-title.elementor-size-medium{font-size:19px}.elementor-widget-heading .elementor-heading-title.elementor-size-large{font-size:29px}.elementor-widget-heading .elementor-heading-title.elementor-size-xl{font-size:39px}.elementor-widget-heading .elementor-heading-title.elementor-size-xxl{font-size:59px}<\/style><h1 class=\"elementor-heading-title elementor-size-default\">tracking<\/h1>\t\t<\/div>\n\t\t\t\t<\/div>\n\t\t\t\t\t<\/div>\n\t\t<\/div>\n\t\t\t\t\t\t\t<\/div>\n\t\t<\/section>\n\t\t\t\t<section class=\"elementor-section elementor-top-section elementor-element elementor-element-3637d56 elementor-section-full_width elementor-section-height-default elementor-section-height-default\" data-id=\"3637d56\" data-element_type=\"section\" data-settings=\"{&quot;background_background&quot;:&quot;classic&quot;}\">\n\t\t\t\t\t\t<div class=\"elementor-container elementor-column-gap-default\">\n\t\t\t\t\t<div class=\"elementor-column elementor-col-100 elementor-top-column elementor-element elementor-element-7128818\" data-id=\"7128818\" data-element_type=\"column\">\n\t\t\t<div class=\"elementor-widget-wrap elementor-element-populated\">\n\t\t\t\t\t\t\t\t<div class=\"elementor-element elementor-element-0913d7d elementor-widget elementor-widget-heading\" data-id=\"0913d7d\" data-element_type=\"widget\" data-widget_type=\"heading.default\">\n\t\t\t\t<div class=\"elementor-widget-container\">\n\t\t\t<h2 class=\"elementor-heading-title elementor-size-default\">TRACKING <\/h2>\t\t<\/div>\n\t\t\t\t<\/div>\n\t\t\t\t<div class=\"elementor-element elementor-element-92917fa elementor-widget elementor-widget-text-editor\" data-id=\"92917fa\" data-element_type=\"widget\" data-widget_type=\"text-editor.default\">\n\t\t\t\t<div class=\"elementor-widget-container\">\n\t\t\t<style>\/*! elementor - v3.18.0 - 20-12-2023 *\/\n.elementor-widget-text-editor.elementor-drop-cap-view-stacked .elementor-drop-cap{background-color:#69727d;color:#fff}.elementor-widget-text-editor.elementor-drop-cap-view-framed .elementor-drop-cap{color:#69727d;border:3px solid;background-color:transparent}.elementor-widget-text-editor:not(.elementor-drop-cap-view-default) .elementor-drop-cap{margin-top:8px}.elementor-widget-text-editor:not(.elementor-drop-cap-view-default) .elementor-drop-cap-letter{width:1em;height:1em}.elementor-widget-text-editor .elementor-drop-cap{float:left;text-align:center;line-height:1;font-size:50px}.elementor-widget-text-editor .elementor-drop-cap-letter{display:inline-block}<\/style>\t\t\t\t<p style=\"text-align: left;\" align=\"center\"><span lang=\"DE-AT\">Positionen werden alle 4 Stunden upgedatet<\/span><\/p>\t\t\t\t\t\t<\/div>\n\t\t\t\t<\/div>\n\t\t\t\t<div class=\"elementor-element elementor-element-8e7ad86 elementor-widget elementor-widget-html\" data-id=\"8e7ad86\" data-element_type=\"widget\" data-widget_type=\"html.default\">\n\t\t\t\t<div class=\"elementor-widget-container\">\n\t\t\t<iframe src=\"https:\/\/yb.tl\/ant-arctic-lab\" width=\"900\" height=\"600\" marginwidth=\"0\" marginheight=\"0\" frameborder=\"no\" scrolling=\"yes\" style=\"border-style: solid; border-color: #CCCCCC; border-width: 1px; background: #FFFFF;\"><\/iframe>\t\t<\/div>\n\t\t\t\t<\/div>\n\t\t\t\t\t<\/div>\n\t\t<\/div>\n\t\t\t\t\t\t\t<\/div>\n\t\t<\/section>\n\t\t\t\t\t\t\t<\/div>\n\t\t","protected":false},"excerpt":{"rendered":"<p>tracking TRACKING Positionen werden alle 4 Stunden upgedatet<\/p>\n","protected":false},"author":1,"featured_media":0,"parent":6632,"menu_order":3,"comment_status":"closed","ping_status":"closed","template":"","meta":{"_monsterinsights_skip_tracking":false,"_monsterinsights_sitenote_active":false,"_monsterinsights_sitenote_note":"","_monsterinsights_sitenote_category":0,"footnotes":""},"yoast_head":"<!-- This site is optimized with the Yoast SEO plugin v21.8 - https:\/\/yoast.com\/wordpress\/plugins\/seo\/ -->\n<title>Tracking Ant Arctic Lab - Innovation Yachts Werft<\/title>\n<meta name=\"description\" content=\"Um das Projekt ANT ARCTIC LAB so transparent als m\u00f6glich zu pr\u00e4sentieren und Informationen \u00fcber den Projektverlauf zu jeder Zeit bereitstellen zu k\u00f6nnen hat Innovation Yachts drei unabh\u00e4ngige Trackingsysteme an Bord unseres &quot;Vulkanfaser Labors&quot;, dem IY Open60AAL installiert. Welches mit Skipper Norbert Sedlacek Koch um die Welt segelt.\" \/>\n<meta name=\"robots\" content=\"index, follow, max-snippet:-1, max-image-preview:large, max-video-preview:-1\" \/>\n<link rel=\"canonical\" href=\"https:\/\/innovation-yachts.com\/de\/aal\/tracking\/\" \/>\n<meta property=\"og:locale\" content=\"de_DE\" \/>\n<meta property=\"og:type\" content=\"article\" \/>\n<meta property=\"og:title\" content=\"Tracking Ant Arctic Lab - Innovation Yachts Werft\" \/>\n<meta property=\"og:description\" content=\"Um das Projekt ANT ARCTIC LAB so transparent als m\u00f6glich zu pr\u00e4sentieren und Informationen \u00fcber den Projektverlauf zu jeder Zeit bereitstellen zu k\u00f6nnen hat Innovation Yachts drei unabh\u00e4ngige Trackingsysteme an Bord unseres &quot;Vulkanfaser Labors&quot;, dem IY Open60AAL installiert. Welches mit Skipper Norbert Sedlacek Koch um die Welt segelt.\" \/>\n<meta property=\"og:url\" content=\"https:\/\/innovation-yachts.com\/de\/aal\/tracking\/\" \/>\n<meta property=\"og:site_name\" content=\"Innovation Yachts\" \/>\n<meta property=\"article:publisher\" content=\"https:\/\/www.facebook.com\/NorbertSedlacekANT.ARCTIC.LAB\" \/>\n<meta property=\"article:modified_time\" content=\"2023-07-19T14:25:30+00:00\" \/>\n<meta name=\"twitter:card\" content=\"summary_large_image\" \/>\n<meta name=\"twitter:site\" content=\"@ANT_ARCTIC_LAB\" \/>\n<meta name=\"twitter:label1\" content=\"Gesch\u00e4tzte Lesezeit\" \/>\n\t<meta name=\"twitter:data1\" content=\"1\u00a0Minute\" \/>\n<script type=\"application\/ld+json\" class=\"yoast-schema-graph\">{\"@context\":\"https:\/\/schema.org\",\"@graph\":[{\"@type\":\"WebPage\",\"@id\":\"https:\/\/innovation-yachts.com\/de\/aal\/tracking\/\",\"url\":\"https:\/\/innovation-yachts.com\/de\/aal\/tracking\/\",\"name\":\"Tracking Ant Arctic Lab - Innovation Yachts Werft\",\"isPartOf\":{\"@id\":\"https:\/\/innovation-yachts.com\/de\/#website\"},\"datePublished\":\"2022-03-25T17:29:05+00:00\",\"dateModified\":\"2023-07-19T14:25:30+00:00\",\"description\":\"Um das Projekt ANT ARCTIC LAB so transparent als m\u00f6glich zu pr\u00e4sentieren und Informationen \u00fcber den Projektverlauf zu jeder Zeit bereitstellen zu k\u00f6nnen hat Innovation Yachts drei unabh\u00e4ngige Trackingsysteme an Bord unseres \\\"Vulkanfaser Labors\\\", dem IY Open60AAL installiert. Welches mit Skipper Norbert Sedlacek Koch um die Welt segelt.\",\"breadcrumb\":{\"@id\":\"https:\/\/innovation-yachts.com\/de\/aal\/tracking\/#breadcrumb\"},\"inLanguage\":\"de\",\"potentialAction\":[{\"@type\":\"ReadAction\",\"target\":[\"https:\/\/innovation-yachts.com\/de\/aal\/tracking\/\"]}]},{\"@type\":\"BreadcrumbList\",\"@id\":\"https:\/\/innovation-yachts.com\/de\/aal\/tracking\/#breadcrumb\",\"itemListElement\":[{\"@type\":\"ListItem\",\"position\":1,\"name\":\"Accueil\",\"item\":\"https:\/\/innovation-yachts.com\/de\/\"},{\"@type\":\"ListItem\",\"position\":2,\"name\":\"AAL\",\"item\":\"https:\/\/innovation-yachts.com\/de\/aal\/\"},{\"@type\":\"ListItem\",\"position\":3,\"name\":\"Tracking\"}]},{\"@type\":\"WebSite\",\"@id\":\"https:\/\/innovation-yachts.com\/de\/#website\",\"url\":\"https:\/\/innovation-yachts.com\/de\/\",\"name\":\"Innovation Yachts\",\"description\":\"WE DEVELOP THE YACHT BUILDING FUTURE\",\"publisher\":{\"@id\":\"https:\/\/innovation-yachts.com\/de\/#organization\"},\"potentialAction\":[{\"@type\":\"SearchAction\",\"target\":{\"@type\":\"EntryPoint\",\"urlTemplate\":\"https:\/\/innovation-yachts.com\/de\/?s={search_term_string}\"},\"query-input\":\"required name=search_term_string\"}],\"inLanguage\":\"de\"},{\"@type\":\"Organization\",\"@id\":\"https:\/\/innovation-yachts.com\/de\/#organization\",\"name\":\"Innovation Yachts\",\"url\":\"https:\/\/innovation-yachts.com\/de\/\",\"logo\":{\"@type\":\"ImageObject\",\"inLanguage\":\"de\",\"@id\":\"https:\/\/innovation-yachts.com\/de\/#\/schema\/logo\/image\/\",\"url\":\"https:\/\/innovation-yachts.com\/wp-content\/uploads\/2022\/02\/cropped-logo-innovation-yachts.png\",\"contentUrl\":\"https:\/\/innovation-yachts.com\/wp-content\/uploads\/2022\/02\/cropped-logo-innovation-yachts.png\",\"width\":280,\"height\":80,\"caption\":\"Innovation Yachts\"},\"image\":{\"@id\":\"https:\/\/innovation-yachts.com\/de\/#\/schema\/logo\/image\/\"},\"sameAs\":[\"https:\/\/www.facebook.com\/NorbertSedlacekANT.ARCTIC.LAB\",\"https:\/\/twitter.com\/ANT_ARCTIC_LAB\",\"https:\/\/www.instagram.com\/ant.arctic.lab\/\",\"https:\/\/www.linkedin.com\/company\/25646559\/\",\"https:\/\/www.youtube.com\/channel\/UCt6piaIOvlWOv5JxVjjHPdg\"]}]}<\/script>\n<!-- \/ Yoast SEO plugin. -->","yoast_head_json":{"title":"Tracking Ant Arctic Lab - Innovation Yachts Werft","description":"Um das Projekt ANT ARCTIC LAB so transparent als m\u00f6glich zu pr\u00e4sentieren und Informationen \u00fcber den Projektverlauf zu jeder Zeit bereitstellen zu k\u00f6nnen hat Innovation Yachts drei unabh\u00e4ngige Trackingsysteme an Bord unseres \"Vulkanfaser Labors\", dem IY Open60AAL installiert. Welches mit Skipper Norbert Sedlacek Koch um die Welt segelt.","robots":{"index":"index","follow":"follow","max-snippet":"max-snippet:-1","max-image-preview":"max-image-preview:large","max-video-preview":"max-video-preview:-1"},"canonical":"https:\/\/innovation-yachts.com\/de\/aal\/tracking\/","og_locale":"de_DE","og_type":"article","og_title":"Tracking Ant Arctic Lab - Innovation Yachts Werft","og_description":"Um das Projekt ANT ARCTIC LAB so transparent als m\u00f6glich zu pr\u00e4sentieren und Informationen \u00fcber den Projektverlauf zu jeder Zeit bereitstellen zu k\u00f6nnen hat Innovation Yachts drei unabh\u00e4ngige Trackingsysteme an Bord unseres \"Vulkanfaser Labors\", dem IY Open60AAL installiert. Welches mit Skipper Norbert Sedlacek Koch um die Welt segelt.","og_url":"https:\/\/innovation-yachts.com\/de\/aal\/tracking\/","og_site_name":"Innovation Yachts","article_publisher":"https:\/\/www.facebook.com\/NorbertSedlacekANT.ARCTIC.LAB","article_modified_time":"2023-07-19T14:25:30+00:00","twitter_card":"summary_large_image","twitter_site":"@ANT_ARCTIC_LAB","twitter_misc":{"Gesch\u00e4tzte Lesezeit":"1\u00a0Minute"},"schema":{"@context":"https:\/\/schema.org","@graph":[{"@type":"WebPage","@id":"https:\/\/innovation-yachts.com\/de\/aal\/tracking\/","url":"https:\/\/innovation-yachts.com\/de\/aal\/tracking\/","name":"Tracking Ant Arctic Lab - Innovation Yachts Werft","isPartOf":{"@id":"https:\/\/innovation-yachts.com\/de\/#website"},"datePublished":"2022-03-25T17:29:05+00:00","dateModified":"2023-07-19T14:25:30+00:00","description":"Um das Projekt ANT ARCTIC LAB so transparent als m\u00f6glich zu pr\u00e4sentieren und Informationen \u00fcber den Projektverlauf zu jeder Zeit bereitstellen zu k\u00f6nnen hat Innovation Yachts drei unabh\u00e4ngige Trackingsysteme an Bord unseres \"Vulkanfaser Labors\", dem IY Open60AAL installiert. Welches mit Skipper Norbert Sedlacek Koch um die Welt segelt.","breadcrumb":{"@id":"https:\/\/innovation-yachts.com\/de\/aal\/tracking\/#breadcrumb"},"inLanguage":"de","potentialAction":[{"@type":"ReadAction","target":["https:\/\/innovation-yachts.com\/de\/aal\/tracking\/"]}]},{"@type":"BreadcrumbList","@id":"https:\/\/innovation-yachts.com\/de\/aal\/tracking\/#breadcrumb","itemListElement":[{"@type":"ListItem","position":1,"name":"Accueil","item":"https:\/\/innovation-yachts.com\/de\/"},{"@type":"ListItem","position":2,"name":"AAL","item":"https:\/\/innovation-yachts.com\/de\/aal\/"},{"@type":"ListItem","position":3,"name":"Tracking"}]},{"@type":"WebSite","@id":"https:\/\/innovation-yachts.com\/de\/#website","url":"https:\/\/innovation-yachts.com\/de\/","name":"Innovation Yachts","description":"WE DEVELOP THE YACHT BUILDING FUTURE","publisher":{"@id":"https:\/\/innovation-yachts.com\/de\/#organization"},"potentialAction":[{"@type":"SearchAction","target":{"@type":"EntryPoint","urlTemplate":"https:\/\/innovation-yachts.com\/de\/?s={search_term_string}"},"query-input":"required name=search_term_string"}],"inLanguage":"de"},{"@type":"Organization","@id":"https:\/\/innovation-yachts.com\/de\/#organization","name":"Innovation Yachts","url":"https:\/\/innovation-yachts.com\/de\/","logo":{"@type":"ImageObject","inLanguage":"de","@id":"https:\/\/innovation-yachts.com\/de\/#\/schema\/logo\/image\/","url":"https:\/\/innovation-yachts.com\/wp-content\/uploads\/2022\/02\/cropped-logo-innovation-yachts.png","contentUrl":"https:\/\/innovation-yachts.com\/wp-content\/uploads\/2022\/02\/cropped-logo-innovation-yachts.png","width":280,"height":80,"caption":"Innovation Yachts"},"image":{"@id":"https:\/\/innovation-yachts.com\/de\/#\/schema\/logo\/image\/"},"sameAs":["https:\/\/www.facebook.com\/NorbertSedlacekANT.ARCTIC.LAB","https:\/\/twitter.com\/ANT_ARCTIC_LAB","https:\/\/www.instagram.com\/ant.arctic.lab\/","https:\/\/www.linkedin.com\/company\/25646559\/","https:\/\/www.youtube.com\/channel\/UCt6piaIOvlWOv5JxVjjHPdg"]}]}},"_links":{"self":[{"href":"https:\/\/innovation-yachts.com\/de\/wp-json\/wp\/v2\/pages\/5868"}],"collection":[{"href":"https:\/\/innovation-yachts.com\/de\/wp-json\/wp\/v2\/pages"}],"about":[{"href":"https:\/\/innovation-yachts.com\/de\/wp-json\/wp\/v2\/types\/page"}],"author":[{"embeddable":true,"href":"https:\/\/innovation-yachts.com\/de\/wp-json\/wp\/v2\/users\/1"}],"replies":[{"embeddable":true,"href":"https:\/\/innovation-yachts.com\/de\/wp-json\/wp\/v2\/comments?post=5868"}],"version-history":[{"count":15,"href":"https:\/\/innovation-yachts.com\/de\/wp-json\/wp\/v2\/pages\/5868\/revisions"}],"predecessor-version":[{"id":9459,"href":"https:\/\/innovation-yachts.com\/de\/wp-json\/wp\/v2\/pages\/5868\/revisions\/9459"}],"up":[{"embeddable":true,"href":"https:\/\/innovation-yachts.com\/de\/wp-json\/wp\/v2\/pages\/6632"}],"wp:attachment":[{"href":"https:\/\/innovation-yachts.com\/de\/wp-json\/wp\/v2\/media?parent=5868"}],"curies":[{"name":"wp","href":"https:\/\/api.w.org\/{rel}","templated":true}]}}