{"id":5878,"date":"2022-03-25T17:34:03","date_gmt":"2022-03-25T17:34:03","guid":{"rendered":"https:\/\/innovation-yachts.com\/datenschutz-bestimmungen\/"},"modified":"2022-04-04T12:34:45","modified_gmt":"2022-04-04T12:34:45","slug":"datenschutz-bestimmungen","status":"publish","type":"page","link":"https:\/\/innovation-yachts.com\/de\/datenschutz-bestimmungen\/","title":{"rendered":"Datenschutz"},"content":{"rendered":"\t\t<div data-elementor-type=\"wp-page\" data-elementor-id=\"5878\" class=\"elementor elementor-5878 elementor-5537\" data-elementor-post-type=\"page\">\n\t\t\t\t\t\t\t\t\t<section class=\"elementor-section elementor-top-section elementor-element elementor-element-26b33819 elementor-section-height-min-height elementor-section-boxed elementor-section-height-default elementor-section-items-middle\" data-id=\"26b33819\" data-element_type=\"section\" data-settings=\"{&quot;background_background&quot;:&quot;classic&quot;}\">\n\t\t\t\t\t\t\t<div class=\"elementor-background-overlay\"><\/div>\n\t\t\t\t\t\t\t<div class=\"elementor-container elementor-column-gap-default\">\n\t\t\t\t\t<div class=\"elementor-column elementor-col-100 elementor-top-column elementor-element elementor-element-1d042caf\" data-id=\"1d042caf\" data-element_type=\"column\">\n\t\t\t<div class=\"elementor-widget-wrap elementor-element-populated\">\n\t\t\t\t\t\t\t\t\t<\/div>\n\t\t<\/div>\n\t\t\t\t\t\t\t<\/div>\n\t\t<\/section>\n\t\t\t\t<section class=\"elementor-section elementor-top-section elementor-element elementor-element-15b961d8 elementor-section-boxed elementor-section-height-default elementor-section-height-default\" data-id=\"15b961d8\" data-element_type=\"section\">\n\t\t\t\t\t\t<div class=\"elementor-container elementor-column-gap-default\">\n\t\t\t\t\t<div class=\"elementor-column elementor-col-50 elementor-top-column elementor-element elementor-element-768039d1\" data-id=\"768039d1\" data-element_type=\"column\">\n\t\t\t<div class=\"elementor-widget-wrap elementor-element-populated\">\n\t\t\t\t\t\t\t\t<div class=\"elementor-element elementor-element-27fb415f elementor-widget elementor-widget-heading\" data-id=\"27fb415f\" data-element_type=\"widget\" data-widget_type=\"heading.default\">\n\t\t\t\t<div class=\"elementor-widget-container\">\n\t\t\t<style>\/*! elementor - v3.18.0 - 20-12-2023 *\/\n.elementor-heading-title{padding:0;margin:0;line-height:1}.elementor-widget-heading .elementor-heading-title[class*=elementor-size-]>a{color:inherit;font-size:inherit;line-height:inherit}.elementor-widget-heading .elementor-heading-title.elementor-size-small{font-size:15px}.elementor-widget-heading .elementor-heading-title.elementor-size-medium{font-size:19px}.elementor-widget-heading .elementor-heading-title.elementor-size-large{font-size:29px}.elementor-widget-heading .elementor-heading-title.elementor-size-xl{font-size:39px}.elementor-widget-heading .elementor-heading-title.elementor-size-xxl{font-size:59px}<\/style><h2 class=\"elementor-heading-title elementor-size-default\">Sammlung von Informationen<\/h2>\t\t<\/div>\n\t\t\t\t<\/div>\n\t\t\t\t<div class=\"elementor-element elementor-element-743010db elementor-widget elementor-widget-text-editor\" data-id=\"743010db\" data-element_type=\"widget\" data-widget_type=\"text-editor.default\">\n\t\t\t\t<div class=\"elementor-widget-container\">\n\t\t\t<style>\/*! elementor - v3.18.0 - 20-12-2023 *\/\n.elementor-widget-text-editor.elementor-drop-cap-view-stacked .elementor-drop-cap{background-color:#69727d;color:#fff}.elementor-widget-text-editor.elementor-drop-cap-view-framed .elementor-drop-cap{color:#69727d;border:3px solid;background-color:transparent}.elementor-widget-text-editor:not(.elementor-drop-cap-view-default) .elementor-drop-cap{margin-top:8px}.elementor-widget-text-editor:not(.elementor-drop-cap-view-default) .elementor-drop-cap-letter{width:1em;height:1em}.elementor-widget-text-editor .elementor-drop-cap{float:left;text-align:center;line-height:1;font-size:50px}.elementor-widget-text-editor .elementor-drop-cap-letter{display:inline-block}<\/style>\t\t\t\t<p>Wir sammeln Informationen, wenn Sie auf der Website surfen oder eines der Formulare ausf\u00fcllen.<\/p><p>Dar\u00fcber hinaus erhalten und speichern wir automatisch Informationen von Ihrem Computer und Ihrem Browser, wie z. B.<\/p><p>&#8211; Ihre IP-Adresse<\/p><p>&#8211; die Art der Hardware und des Browsers, die Sie verwenden<\/p><p>&#8211; die Seite(n), welche Sie sich ansehen<\/p>\t\t\t\t\t\t<\/div>\n\t\t\t\t<\/div>\n\t\t\t\t<div class=\"elementor-element elementor-element-cd56055 elementor-widget elementor-widget-heading\" data-id=\"cd56055\" data-element_type=\"widget\" data-widget_type=\"heading.default\">\n\t\t\t\t<div class=\"elementor-widget-container\">\n\t\t\t<h2 class=\"elementor-heading-title elementor-size-default\">Verwendung von Informationen<\/h2>\t\t<\/div>\n\t\t\t\t<\/div>\n\t\t\t\t<div class=\"elementor-element elementor-element-3d011ccd elementor-widget elementor-widget-text-editor\" data-id=\"3d011ccd\" data-element_type=\"widget\" data-widget_type=\"text-editor.default\">\n\t\t\t\t<div class=\"elementor-widget-container\">\n\t\t\t\t\t\t\t<p>Alle Informationen, die wir von Ihnen sammeln, k\u00f6nnen verwendet werden, um:<\/p><p>&#8211; Ihre Websiteerfahrung anzupassen und um Ihre individuellen Bed\u00fcrfnisse zu erf\u00fcllen<\/p><p>&#8211; personalisierte Werbeinhalte bereit zu stellen<\/p><p>&#8211; unsere Website zu verbessern<\/p><p>&#8211; die Kundendienste und Ihre Support-Anforderungen zu verbessern<\/p><p>&#8211; Sie per E-Mail zu kontaktieren<\/p><p>&#8211; Werbeaktion oder Umfragen zu verwalten<\/p>\t\t\t\t\t\t<\/div>\n\t\t\t\t<\/div>\n\t\t\t\t<div class=\"elementor-element elementor-element-6fde579a elementor-widget elementor-widget-heading\" data-id=\"6fde579a\" data-element_type=\"widget\" data-widget_type=\"heading.default\">\n\t\t\t\t<div class=\"elementor-widget-container\">\n\t\t\t<h2 class=\"elementor-heading-title elementor-size-default\">Offenlegung gegen\u00fcber Dritten<\/h2>\t\t<\/div>\n\t\t\t\t<\/div>\n\t\t\t\t<div class=\"elementor-element elementor-element-32e62799 elementor-widget elementor-widget-text-editor\" data-id=\"32e62799\" data-element_type=\"widget\" data-widget_type=\"text-editor.default\">\n\t\t\t\t<div class=\"elementor-widget-container\">\n\t\t\t\t\t\t\t<p>Wir setzen eine Reihe von Sicherheitsma\u00dfnahmen ein, um Ihre pers\u00f6nlichen Daten zu sch\u00fctzen:<\/p><p>&#8211; SSL-Protokoll<\/p><p>&#8211; Software zur Netzwerk\u00fcberwachung<\/p><p>&#8211; Mehrere Computer-Backups<\/p><p>&#8211; Firewalls<\/p><p>Wir sch\u00fctzen Ihre Daten auch offline.<\/p>\t\t\t\t\t\t<\/div>\n\t\t\t\t<\/div>\n\t\t\t\t<div class=\"elementor-element elementor-element-58ea2ccf elementor-widget elementor-widget-heading\" data-id=\"58ea2ccf\" data-element_type=\"widget\" data-widget_type=\"heading.default\">\n\t\t\t\t<div class=\"elementor-widget-container\">\n\t\t\t<h2 class=\"elementor-heading-title elementor-size-default\">Cookies<\/h2>\t\t<\/div>\n\t\t\t\t<\/div>\n\t\t\t\t<div class=\"elementor-element elementor-element-5d0bf1ed elementor-widget elementor-widget-text-editor\" data-id=\"5d0bf1ed\" data-element_type=\"widget\" data-widget_type=\"text-editor.default\">\n\t\t\t\t<div class=\"elementor-widget-container\">\n\t\t\t\t\t\t\t<p>Cookies sind oft verschl\u00fcsselte Textdateien, die in Ihrem Browser gespeichert werden. Sie werden erstellt, wenn der Browser eines Benutzers eine bestimmte Website aufruft: Die Website sendet Informationen an den Browser, der daraufhin eine Textdatei erstellt. Jedes Mal, wenn der Nutzer auf dieselbe Website zur\u00fcckkehrt, ruft der Browser diese Datei ab und sendet sie an den Server der Website.<\/p><p>Man kann zwei Arten von Cookies unterscheiden, die unterschiedliche Zwecke verfolgen: technische Cookies und Werbecookies:<\/p><p>&#8211; Technische Cookies werden w\u00e4hrend Ihres gesamten Besuchs auf der Website verwendet, um diesen zu erleichtern und bestimmte Funktionen auszuf\u00fchren. Ein technisches Cookie kann beispielsweise dazu dienen, die in ein Formular eingegebenen Antworten oder die Pr\u00e4ferenzen des Nutzers in Bezug auf die Sprache oder das Layout einer Website zu speichern, wenn solche Optionen verf\u00fcgbar sind.<\/p><p>&#8211; Werbe-Cookies k\u00f6nnen nicht nur von der Website erstellt werden, auf der der Nutzer surft, sondern auch von anderen Websites, die Werbung, Ank\u00fcndigungen, Widgets oder andere Elemente auf der angezeigten Seite anzeigen. Diese Cookies k\u00f6nnen verwendet werden, um gezielte Werbung zu schalten, d. h. Werbung, die sich nach der Navigation des Nutzers richtet.<\/p><p>Wir verwenden technische Cookies.<\/p><p>Wir verwenden Google Analytics, ein statistisches Instrument zur Publikumsanalyse, das ein Cookie erzeugt, um die Anzahl der Besuche, die Anzahl der aufgerufenen Seiten und die Aktivit\u00e4t der Besucher zu messen. Ihre IP-Adresse wird ebenfalls erfasst, um die Stadt zu bestimmen, von der aus Sie sich einloggen.<\/p><p>Wir erinnern Sie daran, dass Sie die Speicherung von technischen Cookies verhindern k\u00f6nnen, indem Sie Ihren Browser konfigurieren.<\/p><p>Eine solche Ablehnung k\u00f6nnte jedoch das ordnungsgem\u00e4\u00dfe Funktionieren der Website verhindern.<\/p>\t\t\t\t\t\t<\/div>\n\t\t\t\t<\/div>\n\t\t\t\t\t<\/div>\n\t\t<\/div>\n\t\t\t\t<div class=\"elementor-column elementor-col-50 elementor-top-column elementor-element elementor-element-27a921c\" data-id=\"27a921c\" data-element_type=\"column\">\n\t\t\t<div class=\"elementor-widget-wrap elementor-element-populated\">\n\t\t\t\t\t\t\t\t<div class=\"elementor-element elementor-element-6211c01d elementor-widget elementor-widget-heading\" data-id=\"6211c01d\" data-element_type=\"widget\" data-widget_type=\"heading.default\">\n\t\t\t\t<div class=\"elementor-widget-container\">\n\t\t\t<h2 class=\"elementor-heading-title elementor-size-default\">Newsletter<\/h2>\t\t<\/div>\n\t\t\t\t<\/div>\n\t\t\t\t<div class=\"elementor-element elementor-element-2dcb9d33 elementor-widget elementor-widget-text-editor\" data-id=\"2dcb9d33\" data-element_type=\"widget\" data-widget_type=\"text-editor.default\">\n\t\t\t\t<div class=\"elementor-widget-container\">\n\t\t\t\t\t\t\t<p>Durch das Anmelden zum Newsletter stimmen Sie zu regelm\u00e4\u00dfig E-Mails von <a href=\"http:\/\/www.innovation-yachts.com\">www.innovation-yachts.com<\/a> \u00a0zu erhalten.<\/p><p><strong>Newsletter &#8211; Anmeldevorgang<\/strong><\/p><p>Der Erhalt von Newslettern ist kostenfrei. Um sich f\u00fcr den Newsletter anzumelden m\u00fcssen Sie Ihren Vor- und Nachnamen sowie eine g\u00fcltige E-Mailadresse (auf dieser erhalten Sie in Zukunft Newsletter) eingeben. Um Ihre Anmeldung zu best\u00e4tigen bekommen sie ein E-Mail zugesandt, in welchem sich ein Aktivierungslink befindet, welchen wir Sie bitten zu best\u00e4tigen.<\/p><p><strong>Newsletter &#8211; Abmeldevorgang<\/strong><\/p><p>Der Newsletter-Empf\u00e4nger kann sich zu jedem Zeitpunkt durch klicken auf den Abmelde-Link am Ende des Emails abmelden.<\/p><p>Der Newsletter-Empf\u00e4nger hat das Recht zu wissen, welche pers\u00f6nlichen Daten \u00fcber ihn gespeichert wurden, sowie diese zu \u00e4ndern oder zu l\u00f6schen. Um von diesem Recht Gebrauch zu machen senden Sei uns bitte ein E-Mail an: <a href=\"mailto:info@innovation-yachts.com\">info@innovation-yachts.com<\/a>.<\/p>\t\t\t\t\t\t<\/div>\n\t\t\t\t<\/div>\n\t\t\t\t<div class=\"elementor-element elementor-element-157e0dbf elementor-widget elementor-widget-heading\" data-id=\"157e0dbf\" data-element_type=\"widget\" data-widget_type=\"heading.default\">\n\t\t\t\t<div class=\"elementor-widget-container\">\n\t\t\t<h2 class=\"elementor-heading-title elementor-size-default\">Recht auf Zugang, \u00c4nderung und L\u00f6schung Ihrer Daten<\/h2>\t\t<\/div>\n\t\t\t\t<\/div>\n\t\t\t\t<div class=\"elementor-element elementor-element-1d35bced elementor-widget elementor-widget-text-editor\" data-id=\"1d35bced\" data-element_type=\"widget\" data-widget_type=\"text-editor.default\">\n\t\t\t\t<div class=\"elementor-widget-container\">\n\t\t\t\t\t\t\t<p>Datenschutz<\/p>\n<p>Datenverwendung<\/p>\n<p>Wenn Sie unsere Website besuchen k\u00f6nnen gewisse Daten gesammelt und f\u00fcr administrative oder kommerzielle Zwecke verwendet werden.<\/p>\n<p><b>Direkt gespeicherte Daten<\/b><\/p>\n<p>Direkt gespeicherte Daten sind Daten, welche direkt in Formulare eingegeben werden (Vorname, Nachname, Telefonnummer, E-Mail-Adresse).<\/p>\n<p><\/p>\n<p><b>Indirekt gespeicherte Daten<\/b><\/p>\n<p>Indirekt gespeicherte Daten sind Daten welche mithilfe von Cookies oder \u00e4hnlichen Technologien gespeichert werden.<\/p>\n<p><\/p>\n<p>Wenn Sie zu irgendeinem Zeitpunkt Zugang zu Ihren pers\u00f6nlichen Daten haben m\u00f6chten, oder wenn Sie diese \u00e4ndern oder l\u00f6schen m\u00f6chten, m\u00fcssen Sie dies direkt \u00fcber dieses Formular beantragen.<\/p>\n<p>Wir verpflichten uns, Ihnen ein Widerspruchsrecht und ein Recht auf Widerruf Ihrer personenbezogenen Daten einzur\u00e4umen. Unter dem Widerspruchsrecht versteht man die M\u00f6glichkeit f\u00fcr Internetnutzer, die Verwendung ihrer personenbezogenen Daten f\u00fcr bestimmte, bei der Erhebung genannte Zwecke abzulehnen.<\/p>\n<p>Um diese Rechte auszu\u00fcben, k\u00f6nnen Sie uns kontaktieren unter<\/p>\n<p>Innovation Yachts<br>Hauptstra\u00dfe 102<br>3033 Altlengbach<br>\u00d6sterreich<\/p>\n<p>Telefon: +43 (0) 664 543 90 93<\/p>\n<p>E-Mail: <a href=\"mailto:info@innovation-yachts.com\">info@innovation-yachts.com<\/a><\/p>\n<p>Website-Bereich: \/personal-data-management\/<\/p>\t\t\t\t\t\t<\/div>\n\t\t\t\t<\/div>\n\t\t\t\t<div class=\"elementor-element elementor-element-19d35ab elementor-widget elementor-widget-heading\" data-id=\"19d35ab\" data-element_type=\"widget\" data-widget_type=\"heading.default\">\n\t\t\t\t<div class=\"elementor-widget-container\">\n\t\t\t<h2 class=\"elementor-heading-title elementor-size-default\">Einverst\u00e4ndnis<\/h2>\t\t<\/div>\n\t\t\t\t<\/div>\n\t\t\t\t<div class=\"elementor-element elementor-element-fb2caf8 elementor-widget elementor-widget-text-editor\" data-id=\"fb2caf8\" data-element_type=\"widget\" data-widget_type=\"text-editor.default\">\n\t\t\t\t<div class=\"elementor-widget-container\">\n\t\t\t\t\t\t\t<p>Durch die Nutzung unserer Website erkl\u00e4ren Sie sich mit unserer Datenschutzpolitik einverstanden.<\/p>\t\t\t\t\t\t<\/div>\n\t\t\t\t<\/div>\n\t\t\t\t\t<\/div>\n\t\t<\/div>\n\t\t\t\t\t\t\t<\/div>\n\t\t<\/section>\n\t\t\t\t\t\t\t<\/div>\n\t\t","protected":false},"excerpt":{"rendered":"<p>Sammlung von Informationen Wir sammeln Informationen, wenn Sie auf der Website surfen oder eines der Formulare ausf\u00fcllen. Dar\u00fcber hinaus erhalten und speichern wir automatisch Informationen von Ihrem Computer und Ihrem Browser, wie z. B. &#8211; Ihre IP-Adresse &#8211; die Art der Hardware und des Browsers, die Sie verwenden &#8211; die Seite(n), welche Sie sich ansehen [&hellip;]<\/p>\n","protected":false},"author":1,"featured_media":0,"parent":0,"menu_order":9,"comment_status":"closed","ping_status":"open","template":"","meta":{"_monsterinsights_skip_tracking":false,"_monsterinsights_sitenote_active":false,"_monsterinsights_sitenote_note":"","_monsterinsights_sitenote_category":0,"footnotes":""},"yoast_head":"<!-- This site is optimized with the Yoast SEO plugin v21.8 - https:\/\/yoast.com\/wordpress\/plugins\/seo\/ -->\n<title>Datenschutz - Innovation Yachts Werft<\/title>\n<meta name=\"description\" content=\"Innovation Yachts ist die weltweit f\u00fchrende Werft, welche vollst\u00e4ndig nachhaltige und recycelbare Prototypen und ma\u00dfgefertigte Boote und Yachten aus Vulkanfasern baut.\" \/>\n<meta name=\"robots\" content=\"index, follow, max-snippet:-1, max-image-preview:large, max-video-preview:-1\" \/>\n<link rel=\"canonical\" href=\"https:\/\/innovation-yachts.com\/de\/datenschutz-bestimmungen\/\" \/>\n<meta property=\"og:locale\" content=\"de_DE\" \/>\n<meta property=\"og:type\" content=\"article\" \/>\n<meta property=\"og:title\" content=\"Datenschutz - Innovation Yachts Werft\" \/>\n<meta property=\"og:description\" content=\"Innovation Yachts ist die weltweit f\u00fchrende Werft, welche vollst\u00e4ndig nachhaltige und recycelbare Prototypen und ma\u00dfgefertigte Boote und Yachten aus Vulkanfasern baut.\" \/>\n<meta property=\"og:url\" content=\"https:\/\/innovation-yachts.com\/de\/datenschutz-bestimmungen\/\" \/>\n<meta property=\"og:site_name\" content=\"Innovation Yachts\" \/>\n<meta property=\"article:publisher\" content=\"https:\/\/www.facebook.com\/NorbertSedlacekANT.ARCTIC.LAB\" \/>\n<meta property=\"article:modified_time\" content=\"2022-04-04T12:34:45+00:00\" \/>\n<meta name=\"twitter:card\" content=\"summary_large_image\" \/>\n<meta name=\"twitter:site\" content=\"@ANT_ARCTIC_LAB\" \/>\n<meta name=\"twitter:label1\" content=\"Gesch\u00e4tzte Lesezeit\" \/>\n\t<meta name=\"twitter:data1\" content=\"3\u00a0Minuten\" \/>\n<script type=\"application\/ld+json\" class=\"yoast-schema-graph\">{\"@context\":\"https:\/\/schema.org\",\"@graph\":[{\"@type\":\"WebPage\",\"@id\":\"https:\/\/innovation-yachts.com\/de\/datenschutz-bestimmungen\/\",\"url\":\"https:\/\/innovation-yachts.com\/de\/datenschutz-bestimmungen\/\",\"name\":\"Datenschutz - Innovation Yachts Werft\",\"isPartOf\":{\"@id\":\"https:\/\/innovation-yachts.com\/de\/#website\"},\"datePublished\":\"2022-03-25T17:34:03+00:00\",\"dateModified\":\"2022-04-04T12:34:45+00:00\",\"description\":\"Innovation Yachts ist die weltweit f\u00fchrende Werft, welche vollst\u00e4ndig nachhaltige und recycelbare Prototypen und ma\u00dfgefertigte Boote und Yachten aus Vulkanfasern baut.\",\"breadcrumb\":{\"@id\":\"https:\/\/innovation-yachts.com\/de\/datenschutz-bestimmungen\/#breadcrumb\"},\"inLanguage\":\"de\",\"potentialAction\":[{\"@type\":\"ReadAction\",\"target\":[\"https:\/\/innovation-yachts.com\/de\/datenschutz-bestimmungen\/\"]}]},{\"@type\":\"BreadcrumbList\",\"@id\":\"https:\/\/innovation-yachts.com\/de\/datenschutz-bestimmungen\/#breadcrumb\",\"itemListElement\":[{\"@type\":\"ListItem\",\"position\":1,\"name\":\"Accueil\",\"item\":\"https:\/\/innovation-yachts.com\/de\/\"},{\"@type\":\"ListItem\",\"position\":2,\"name\":\"Datenschutz\"}]},{\"@type\":\"WebSite\",\"@id\":\"https:\/\/innovation-yachts.com\/de\/#website\",\"url\":\"https:\/\/innovation-yachts.com\/de\/\",\"name\":\"Innovation Yachts\",\"description\":\"WE DEVELOP THE YACHT BUILDING FUTURE\",\"publisher\":{\"@id\":\"https:\/\/innovation-yachts.com\/de\/#organization\"},\"potentialAction\":[{\"@type\":\"SearchAction\",\"target\":{\"@type\":\"EntryPoint\",\"urlTemplate\":\"https:\/\/innovation-yachts.com\/de\/?s={search_term_string}\"},\"query-input\":\"required name=search_term_string\"}],\"inLanguage\":\"de\"},{\"@type\":\"Organization\",\"@id\":\"https:\/\/innovation-yachts.com\/de\/#organization\",\"name\":\"Innovation Yachts\",\"url\":\"https:\/\/innovation-yachts.com\/de\/\",\"logo\":{\"@type\":\"ImageObject\",\"inLanguage\":\"de\",\"@id\":\"https:\/\/innovation-yachts.com\/de\/#\/schema\/logo\/image\/\",\"url\":\"https:\/\/innovation-yachts.com\/wp-content\/uploads\/2022\/02\/cropped-logo-innovation-yachts.png\",\"contentUrl\":\"https:\/\/innovation-yachts.com\/wp-content\/uploads\/2022\/02\/cropped-logo-innovation-yachts.png\",\"width\":280,\"height\":80,\"caption\":\"Innovation Yachts\"},\"image\":{\"@id\":\"https:\/\/innovation-yachts.com\/de\/#\/schema\/logo\/image\/\"},\"sameAs\":[\"https:\/\/www.facebook.com\/NorbertSedlacekANT.ARCTIC.LAB\",\"https:\/\/twitter.com\/ANT_ARCTIC_LAB\",\"https:\/\/www.instagram.com\/ant.arctic.lab\/\",\"https:\/\/www.linkedin.com\/company\/25646559\/\",\"https:\/\/www.youtube.com\/channel\/UCt6piaIOvlWOv5JxVjjHPdg\"]}]}<\/script>\n<!-- \/ Yoast SEO plugin. -->","yoast_head_json":{"title":"Datenschutz - Innovation Yachts Werft","description":"Innovation Yachts ist die weltweit f\u00fchrende Werft, welche vollst\u00e4ndig nachhaltige und recycelbare Prototypen und ma\u00dfgefertigte Boote und Yachten aus Vulkanfasern baut.","robots":{"index":"index","follow":"follow","max-snippet":"max-snippet:-1","max-image-preview":"max-image-preview:large","max-video-preview":"max-video-preview:-1"},"canonical":"https:\/\/innovation-yachts.com\/de\/datenschutz-bestimmungen\/","og_locale":"de_DE","og_type":"article","og_title":"Datenschutz - Innovation Yachts Werft","og_description":"Innovation Yachts ist die weltweit f\u00fchrende Werft, welche vollst\u00e4ndig nachhaltige und recycelbare Prototypen und ma\u00dfgefertigte Boote und Yachten aus Vulkanfasern baut.","og_url":"https:\/\/innovation-yachts.com\/de\/datenschutz-bestimmungen\/","og_site_name":"Innovation Yachts","article_publisher":"https:\/\/www.facebook.com\/NorbertSedlacekANT.ARCTIC.LAB","article_modified_time":"2022-04-04T12:34:45+00:00","twitter_card":"summary_large_image","twitter_site":"@ANT_ARCTIC_LAB","twitter_misc":{"Gesch\u00e4tzte Lesezeit":"3\u00a0Minuten"},"schema":{"@context":"https:\/\/schema.org","@graph":[{"@type":"WebPage","@id":"https:\/\/innovation-yachts.com\/de\/datenschutz-bestimmungen\/","url":"https:\/\/innovation-yachts.com\/de\/datenschutz-bestimmungen\/","name":"Datenschutz - Innovation Yachts Werft","isPartOf":{"@id":"https:\/\/innovation-yachts.com\/de\/#website"},"datePublished":"2022-03-25T17:34:03+00:00","dateModified":"2022-04-04T12:34:45+00:00","description":"Innovation Yachts ist die weltweit f\u00fchrende Werft, welche vollst\u00e4ndig nachhaltige und recycelbare Prototypen und ma\u00dfgefertigte Boote und Yachten aus Vulkanfasern baut.","breadcrumb":{"@id":"https:\/\/innovation-yachts.com\/de\/datenschutz-bestimmungen\/#breadcrumb"},"inLanguage":"de","potentialAction":[{"@type":"ReadAction","target":["https:\/\/innovation-yachts.com\/de\/datenschutz-bestimmungen\/"]}]},{"@type":"BreadcrumbList","@id":"https:\/\/innovation-yachts.com\/de\/datenschutz-bestimmungen\/#breadcrumb","itemListElement":[{"@type":"ListItem","position":1,"name":"Accueil","item":"https:\/\/innovation-yachts.com\/de\/"},{"@type":"ListItem","position":2,"name":"Datenschutz"}]},{"@type":"WebSite","@id":"https:\/\/innovation-yachts.com\/de\/#website","url":"https:\/\/innovation-yachts.com\/de\/","name":"Innovation Yachts","description":"WE DEVELOP THE YACHT BUILDING FUTURE","publisher":{"@id":"https:\/\/innovation-yachts.com\/de\/#organization"},"potentialAction":[{"@type":"SearchAction","target":{"@type":"EntryPoint","urlTemplate":"https:\/\/innovation-yachts.com\/de\/?s={search_term_string}"},"query-input":"required name=search_term_string"}],"inLanguage":"de"},{"@type":"Organization","@id":"https:\/\/innovation-yachts.com\/de\/#organization","name":"Innovation Yachts","url":"https:\/\/innovation-yachts.com\/de\/","logo":{"@type":"ImageObject","inLanguage":"de","@id":"https:\/\/innovation-yachts.com\/de\/#\/schema\/logo\/image\/","url":"https:\/\/innovation-yachts.com\/wp-content\/uploads\/2022\/02\/cropped-logo-innovation-yachts.png","contentUrl":"https:\/\/innovation-yachts.com\/wp-content\/uploads\/2022\/02\/cropped-logo-innovation-yachts.png","width":280,"height":80,"caption":"Innovation Yachts"},"image":{"@id":"https:\/\/innovation-yachts.com\/de\/#\/schema\/logo\/image\/"},"sameAs":["https:\/\/www.facebook.com\/NorbertSedlacekANT.ARCTIC.LAB","https:\/\/twitter.com\/ANT_ARCTIC_LAB","https:\/\/www.instagram.com\/ant.arctic.lab\/","https:\/\/www.linkedin.com\/company\/25646559\/","https:\/\/www.youtube.com\/channel\/UCt6piaIOvlWOv5JxVjjHPdg"]}]}},"_links":{"self":[{"href":"https:\/\/innovation-yachts.com\/de\/wp-json\/wp\/v2\/pages\/5878"}],"collection":[{"href":"https:\/\/innovation-yachts.com\/de\/wp-json\/wp\/v2\/pages"}],"about":[{"href":"https:\/\/innovation-yachts.com\/de\/wp-json\/wp\/v2\/types\/page"}],"author":[{"embeddable":true,"href":"https:\/\/innovation-yachts.com\/de\/wp-json\/wp\/v2\/users\/1"}],"replies":[{"embeddable":true,"href":"https:\/\/innovation-yachts.com\/de\/wp-json\/wp\/v2\/comments?post=5878"}],"version-history":[{"count":12,"href":"https:\/\/innovation-yachts.com\/de\/wp-json\/wp\/v2\/pages\/5878\/revisions"}],"predecessor-version":[{"id":6716,"href":"https:\/\/innovation-yachts.com\/de\/wp-json\/wp\/v2\/pages\/5878\/revisions\/6716"}],"wp:attachment":[{"href":"https:\/\/innovation-yachts.com\/de\/wp-json\/wp\/v2\/media?parent=5878"}],"curies":[{"name":"wp","href":"https:\/\/api.w.org\/{rel}","templated":true}]}}