{"id":5674,"date":"2022-03-25T17:34:03","date_gmt":"2022-03-25T17:34:03","guid":{"rendered":"https:\/\/innovation-yachts.com\/politique-de-confidentialite-2\/"},"modified":"2022-03-28T07:27:59","modified_gmt":"2022-03-28T07:27:59","slug":"politique-de-confidentialite","status":"publish","type":"page","link":"https:\/\/innovation-yachts.com\/fr\/politique-de-confidentialite\/","title":{"rendered":"Politique de confidentialit\u00e9"},"content":{"rendered":"\t\t<div data-elementor-type=\"wp-page\" data-elementor-id=\"5674\" class=\"elementor elementor-5674 elementor-5537\" data-elementor-post-type=\"page\">\n\t\t\t\t\t\t\t\t\t<section class=\"elementor-section elementor-top-section elementor-element elementor-element-26b33819 elementor-section-height-min-height elementor-section-boxed elementor-section-height-default elementor-section-items-middle\" data-id=\"26b33819\" data-element_type=\"section\" data-settings=\"{&quot;background_background&quot;:&quot;classic&quot;}\">\n\t\t\t\t\t\t\t<div class=\"elementor-background-overlay\"><\/div>\n\t\t\t\t\t\t\t<div class=\"elementor-container elementor-column-gap-default\">\n\t\t\t\t\t<div class=\"elementor-column elementor-col-100 elementor-top-column elementor-element elementor-element-1d042caf\" data-id=\"1d042caf\" data-element_type=\"column\">\n\t\t\t<div class=\"elementor-widget-wrap elementor-element-populated\">\n\t\t\t\t\t\t\t\t\t<\/div>\n\t\t<\/div>\n\t\t\t\t\t\t\t<\/div>\n\t\t<\/section>\n\t\t\t\t<section class=\"elementor-section elementor-top-section elementor-element elementor-element-15b961d8 elementor-section-boxed elementor-section-height-default elementor-section-height-default\" data-id=\"15b961d8\" data-element_type=\"section\">\n\t\t\t\t\t\t<div class=\"elementor-container elementor-column-gap-default\">\n\t\t\t\t\t<div class=\"elementor-column elementor-col-50 elementor-top-column elementor-element elementor-element-768039d1\" data-id=\"768039d1\" data-element_type=\"column\">\n\t\t\t<div class=\"elementor-widget-wrap elementor-element-populated\">\n\t\t\t\t\t\t\t\t<div class=\"elementor-element elementor-element-27fb415f elementor-widget elementor-widget-heading\" data-id=\"27fb415f\" data-element_type=\"widget\" data-widget_type=\"heading.default\">\n\t\t\t\t<div class=\"elementor-widget-container\">\n\t\t\t<style>\/*! elementor - v3.18.0 - 20-12-2023 *\/\n.elementor-heading-title{padding:0;margin:0;line-height:1}.elementor-widget-heading .elementor-heading-title[class*=elementor-size-]>a{color:inherit;font-size:inherit;line-height:inherit}.elementor-widget-heading .elementor-heading-title.elementor-size-small{font-size:15px}.elementor-widget-heading .elementor-heading-title.elementor-size-medium{font-size:19px}.elementor-widget-heading .elementor-heading-title.elementor-size-large{font-size:29px}.elementor-widget-heading .elementor-heading-title.elementor-size-xl{font-size:39px}.elementor-widget-heading .elementor-heading-title.elementor-size-xxl{font-size:59px}<\/style><h2 class=\"elementor-heading-title elementor-size-default\">Collecte de l'information<\/h2>\t\t<\/div>\n\t\t\t\t<\/div>\n\t\t\t\t<div class=\"elementor-element elementor-element-743010db elementor-widget elementor-widget-text-editor\" data-id=\"743010db\" data-element_type=\"widget\" data-widget_type=\"text-editor.default\">\n\t\t\t\t<div class=\"elementor-widget-container\">\n\t\t\t<style>\/*! elementor - v3.18.0 - 20-12-2023 *\/\n.elementor-widget-text-editor.elementor-drop-cap-view-stacked .elementor-drop-cap{background-color:#69727d;color:#fff}.elementor-widget-text-editor.elementor-drop-cap-view-framed .elementor-drop-cap{color:#69727d;border:3px solid;background-color:transparent}.elementor-widget-text-editor:not(.elementor-drop-cap-view-default) .elementor-drop-cap{margin-top:8px}.elementor-widget-text-editor:not(.elementor-drop-cap-view-default) .elementor-drop-cap-letter{width:1em;height:1em}.elementor-widget-text-editor .elementor-drop-cap{float:left;text-align:center;line-height:1;font-size:50px}.elementor-widget-text-editor .elementor-drop-cap-letter{display:inline-block}<\/style>\t\t\t\t<p>Nous recueillons des informations lorsque vous naviguez sur le site, lorsque vous remplissez l\u2019un des formulaires.<\/p><p>En outre, nous recevons et enregistrons automatiquement des informations \u00e0 partir de votre ordinateur et navigateur, comme :<\/p><ul><li>votre adresse IP<\/li><li>le type de mat\u00e9riel et de navigateur utilis\u00e9s<\/li><li>la\/les page(s) que vous consultez<\/li><\/ul>\t\t\t\t\t\t<\/div>\n\t\t\t\t<\/div>\n\t\t\t\t<div class=\"elementor-element elementor-element-cd56055 elementor-widget elementor-widget-heading\" data-id=\"cd56055\" data-element_type=\"widget\" data-widget_type=\"heading.default\">\n\t\t\t\t<div class=\"elementor-widget-container\">\n\t\t\t<h2 class=\"elementor-heading-title elementor-size-default\">Utilisation des informations<\/h2>\t\t<\/div>\n\t\t\t\t<\/div>\n\t\t\t\t<div class=\"elementor-element elementor-element-3d011ccd elementor-widget elementor-widget-text-editor\" data-id=\"3d011ccd\" data-element_type=\"widget\" data-widget_type=\"text-editor.default\">\n\t\t\t\t<div class=\"elementor-widget-container\">\n\t\t\t\t\t\t\t<p>Toute les informations que nous recueillons aupr\u00e8s de vous peuvent \u00eatre utilis\u00e9es pour :<\/p><ul><li>Personnaliser votre exp\u00e9rience et r\u00e9pondre \u00e0 vos besoins individuels<\/li><li>Fournir un contenu publicitaire personnalis\u00e9<\/li><li>Am\u00e9liorer notre site Web<\/li><li>Am\u00e9liorer le service client et vos besoins de prise en charge<\/li><li>Vous contacter par email<\/li><li>Administrer un concours, une promotion, ou une enqu\u00eate<\/li><\/ul>\t\t\t\t\t\t<\/div>\n\t\t\t\t<\/div>\n\t\t\t\t<div class=\"elementor-element elementor-element-6fde579a elementor-widget elementor-widget-heading\" data-id=\"6fde579a\" data-element_type=\"widget\" data-widget_type=\"heading.default\">\n\t\t\t\t<div class=\"elementor-widget-container\">\n\t\t\t<h2 class=\"elementor-heading-title elementor-size-default\">Divulgation \u00e0 des tiers<\/h2>\t\t<\/div>\n\t\t\t\t<\/div>\n\t\t\t\t<div class=\"elementor-element elementor-element-32e62799 elementor-widget elementor-widget-text-editor\" data-id=\"32e62799\" data-element_type=\"widget\" data-widget_type=\"text-editor.default\">\n\t\t\t\t<div class=\"elementor-widget-container\">\n\t\t\t\t\t\t\t<p>Nous mettons en \u0153uvre une vari\u00e9t\u00e9 de mesures de s\u00e9curit\u00e9 pour pr\u00e9server la s\u00e9curit\u00e9 de vos informations personnelles :<\/p><ul><li>Protocole SSL<\/li><li>Logiciels de surveillance r\u00e9seau<\/li><li>Sauvegardes informatiques multiples<\/li><li>Pare-feu<\/li><\/ul><p>Nous prot\u00e9geons \u00e9galement vos informations hors ligne.\u00a0<\/p>\t\t\t\t\t\t<\/div>\n\t\t\t\t<\/div>\n\t\t\t\t<div class=\"elementor-element elementor-element-58ea2ccf elementor-widget elementor-widget-heading\" data-id=\"58ea2ccf\" data-element_type=\"widget\" data-widget_type=\"heading.default\">\n\t\t\t\t<div class=\"elementor-widget-container\">\n\t\t\t<h2 class=\"elementor-heading-title elementor-size-default\">Cookies<\/h2>\t\t<\/div>\n\t\t\t\t<\/div>\n\t\t\t\t<div class=\"elementor-element elementor-element-5d0bf1ed elementor-widget elementor-widget-text-editor\" data-id=\"5d0bf1ed\" data-element_type=\"widget\" data-widget_type=\"text-editor.default\">\n\t\t\t\t<div class=\"elementor-widget-container\">\n\t\t\t\t\t\t\t<p>Les cookies sont des fichiers textes, souvent crypt\u00e9s, stock\u00e9s dans votre navigateur. Ils sont cr\u00e9\u00e9s lorsque le navigateur d\u2019un utilisateur charge un site internet donn\u00e9 : le site envoie des informations au navigateur, qui cr\u00e9\u00e9 alors un fichier texte. Chaque fois que l\u2019utilisateur revient sur le m\u00eame site, le navigateur r\u00e9cup\u00e8re ce fichier et l\u2019envoie au serveur du site internet.<\/p><p>On peut distinguer deux types de cookies, qui n\u2019ont pas les m\u00eames finalit\u00e9s : les cookies techniques et les cookies publicitaires :<\/p><ul><li>Les cookies techniques sont utilis\u00e9s tout au long de votre navigation, afin de la faciliter et d\u2019ex\u00e9cuter certaines fonctions. Un cookie technique peut par exemple \u00eatre utilis\u00e9 pour m\u00e9moriser les r\u00e9ponses renseign\u00e9es dans un formulaire ou encore les pr\u00e9f\u00e9rences de l\u2019utilisateur s\u2019agissant de la langue ou de la pr\u00e9sentation d\u2019un site internet, lorsque de telles options sont disponibles.<\/li><li>Les cookies publicitaires peuvent \u00eatre cr\u00e9\u00e9s non seulement par le site internet sur lequel l\u2019utilisateur navigue, mais \u00e9galement par d\u2019autres sites internet diffusant des publicit\u00e9s, annonces, widgets ou autres \u00e9l\u00e9ments sur la page affich\u00e9e. Ces cookies peuvent notamment \u00eatre utilis\u00e9s pour effectuer de la publicit\u00e9 cibl\u00e9e, c\u2019est-\u00e0-dire de la publicit\u00e9 d\u00e9termin\u00e9e en fonction de la navigation de l\u2019utilisateur.<\/li><\/ul><p>Nous utilisons des cookies techniques.<\/p><p>Nous utilisons Google Analytics qui est un outil statistique d\u2019analyse d\u2019audience qui g\u00e9n\u00e8re un cookie permettant de mesurer le nombre de visites , le nombre de pages vues et l\u2019activit\u00e9 des visiteurs. Votre adresse IP est \u00e9galement collect\u00e9e pour d\u00e9terminer la ville depuis laquelle vous vous connectez.<\/p><p>Nous vous rappelons \u00e0 toutes fins utiles qu\u2019il vous est possible de vous opposer au d\u00e9p\u00f4t de cookies techniques en configurant votre navigateur. Retrouvez plus d\u2019informations sur l\u2019utilisation des cookies sur le site de la CNIL :\u00a0<a href=\"http:\/\/www.cnil.fr\/vos-droits\/vos-traces\/les-cookies\/\">http:\/\/www.cnil.fr\/vos-droits\/vos-traces\/les-cookies\/<\/a><\/p><p>Un tel refus pourrait toutefois emp\u00eacher le bon fonctionnement du site Internet.<\/p>\t\t\t\t\t\t<\/div>\n\t\t\t\t<\/div>\n\t\t\t\t\t<\/div>\n\t\t<\/div>\n\t\t\t\t<div class=\"elementor-column elementor-col-50 elementor-top-column elementor-element elementor-element-27a921c\" data-id=\"27a921c\" data-element_type=\"column\">\n\t\t\t<div class=\"elementor-widget-wrap elementor-element-populated\">\n\t\t\t\t\t\t\t\t<div class=\"elementor-element elementor-element-6211c01d elementor-widget elementor-widget-heading\" data-id=\"6211c01d\" data-element_type=\"widget\" data-widget_type=\"heading.default\">\n\t\t\t\t<div class=\"elementor-widget-container\">\n\t\t\t<h2 class=\"elementor-heading-title elementor-size-default\">Newsletter<\/h2>\t\t<\/div>\n\t\t\t\t<\/div>\n\t\t\t\t<div class=\"elementor-element elementor-element-2dcb9d33 elementor-widget elementor-widget-text-editor\" data-id=\"2dcb9d33\" data-element_type=\"widget\" data-widget_type=\"text-editor.default\">\n\t\t\t\t<div class=\"elementor-widget-container\">\n\t\t\t\t\t\t\t<p>En vous inscrivant \u00e0 la newsletter, vous acceptez de recevoir r\u00e9guli\u00e8rement des emails de www.innovation-yachts.com<\/p><p><strong>Processus d&rsquo;abonnement<br \/><\/strong>Le service de newsletter est enti\u00e8rement gratuit. Pour vous inscrire, vous devez entrer votre nom, pr\u00e9nom et une adresse e-mail valide qui devient l&rsquo;adresse de r\u00e9f\u00e9rence pour l&rsquo;envoi de la newsletter. Afin de confirmer votre inscription, veuillez ouvrir l&rsquo;e-mail qui vous a \u00e9t\u00e9 envoy\u00e9 suite \u00e0 votre inscription et confirmer en cliquant sur le lien inclus.<\/p><p><strong>Processus de d\u00e9sinscription<\/strong><\/p><p>Chaque abonn\u00e9 peut se d\u00e9sinscrire de la newsletter, \u00e0 tout moment en cliquant sur le lien de d\u00e9sinscription pr\u00e9sent \u00e0 la fin de l&rsquo;e-mail.<\/p><p>Chaque abonn\u00e9 a le droit de savoir quelles informations personnelles respectives sont enregistr\u00e9es, de les modifier ou de les supprimer. Pour exercer ce droit, veuillez nous contacter \u00e0 : <a href=\"mailto:info@innovation-yachts.com\">info@innovation-yachts.com<\/a><\/p>\t\t\t\t\t\t<\/div>\n\t\t\t\t<\/div>\n\t\t\t\t<div class=\"elementor-element elementor-element-157e0dbf elementor-widget elementor-widget-heading\" data-id=\"157e0dbf\" data-element_type=\"widget\" data-widget_type=\"heading.default\">\n\t\t\t\t<div class=\"elementor-widget-container\">\n\t\t\t<h2 class=\"elementor-heading-title elementor-size-default\">Droit d'acc\u00e8s, de modification et de suppression de vos donn\u00e9es<\/h2>\t\t<\/div>\n\t\t\t\t<\/div>\n\t\t\t\t<div class=\"elementor-element elementor-element-1d35bced elementor-widget elementor-widget-text-editor\" data-id=\"1d35bced\" data-element_type=\"widget\" data-widget_type=\"text-editor.default\">\n\t\t\t\t<div class=\"elementor-widget-container\">\n\t\t\t\t\t\t\t<p>Si, \u00e0 tout moment, vous souhaitez avoir acc\u00e8s aux informations personnelles vous concernant, ou si vous souhaitez les modifier ou les supprimer, il vous suffit d\u2019en faire la demande directement sur\u00a0<a href=\"https:\/\/innovation-yachts.com\/fr\/gestion-des-donnees-personnelles\/\"><strong>ce formulaire<\/strong><\/a><\/p><p>Nous nous engageons \u00e0 vous offrir un droit d\u2019opposition et de retrait quant \u00e0 vos renseignements personnels. Le droit d\u2019opposition s\u2019entend comme \u00e9tant la possibilit\u00e9 offerte aux internautes de refuser que leurs renseignements personnels soient utilis\u00e9s \u00e0 certaines fins mentionn\u00e9es lors de la collecte.<\/p><p>Pour pouvoir exercer ces droits, vous pouvez nous contacter :<br \/><strong>Innovation Yachts<\/strong><br \/>Hauptstrasse 102<br \/>3033 Altlengbach<br \/>AUSTRIA<\/p><p><strong>T\u00e9l<\/strong> : +43 (0) 664 543 90 93<br \/><strong>Email<\/strong>\u00a0:\u00a0<a href=\"mailto:info@innovation-yachts.fr\">info@innovation-yachts.fr<\/a><a href=\"mailto:camping-roussillon@wanadoo.fr\"><br \/><\/a>Section du site web :\u00a0\/gestion-des-donnees-personnelles\/<\/p>\t\t\t\t\t\t<\/div>\n\t\t\t\t<\/div>\n\t\t\t\t<div class=\"elementor-element elementor-element-19d35ab elementor-widget elementor-widget-heading\" data-id=\"19d35ab\" data-element_type=\"widget\" data-widget_type=\"heading.default\">\n\t\t\t\t<div class=\"elementor-widget-container\">\n\t\t\t<h2 class=\"elementor-heading-title elementor-size-default\">Consentement<\/h2>\t\t<\/div>\n\t\t\t\t<\/div>\n\t\t\t\t<div class=\"elementor-element elementor-element-fb2caf8 elementor-widget elementor-widget-text-editor\" data-id=\"fb2caf8\" data-element_type=\"widget\" data-widget_type=\"text-editor.default\">\n\t\t\t\t<div class=\"elementor-widget-container\">\n\t\t\t\t\t\t\t<p>En utilisant notre site, vous consentez \u00e0 notre politique de confidentialit\u00e9.<\/p>\t\t\t\t\t\t<\/div>\n\t\t\t\t<\/div>\n\t\t\t\t\t<\/div>\n\t\t<\/div>\n\t\t\t\t\t\t\t<\/div>\n\t\t<\/section>\n\t\t\t\t\t\t\t<\/div>\n\t\t","protected":false},"excerpt":{"rendered":"<p>Collecte de l&rsquo;information Nous recueillons des informations lorsque vous naviguez sur le site, lorsque vous remplissez l\u2019un des formulaires. En outre, nous recevons et enregistrons automatiquement des informations \u00e0 partir de votre ordinateur et navigateur, comme : votre adresse IP le type de mat\u00e9riel et de navigateur utilis\u00e9s la\/les page(s) que vous consultez Utilisation des [&hellip;]<\/p>\n","protected":false},"author":1,"featured_media":0,"parent":0,"menu_order":9,"comment_status":"closed","ping_status":"open","template":"","meta":{"_monsterinsights_skip_tracking":false,"_monsterinsights_sitenote_active":false,"_monsterinsights_sitenote_note":"","_monsterinsights_sitenote_category":0,"footnotes":""},"yoast_head":"<!-- This site is optimized with the Yoast SEO plugin v21.8 - https:\/\/yoast.com\/wordpress\/plugins\/seo\/ -->\n<title>Politique de confidentialit\u00e9 - Innovation Yachts<\/title>\n<meta name=\"robots\" content=\"index, follow, max-snippet:-1, max-image-preview:large, max-video-preview:-1\" \/>\n<link rel=\"canonical\" href=\"https:\/\/innovation-yachts.com\/fr\/politique-de-confidentialite\/\" \/>\n<meta property=\"og:locale\" content=\"fr_FR\" \/>\n<meta property=\"og:type\" content=\"article\" \/>\n<meta property=\"og:title\" content=\"Politique de confidentialit\u00e9 - Innovation Yachts\" \/>\n<meta property=\"og:description\" content=\"Collecte de l&rsquo;information Nous recueillons des informations lorsque vous naviguez sur le site, lorsque vous remplissez l\u2019un des formulaires. En outre, nous recevons et enregistrons automatiquement des informations \u00e0 partir de votre ordinateur et navigateur, comme : votre adresse IP le type de mat\u00e9riel et de navigateur utilis\u00e9s la\/les page(s) que vous consultez Utilisation des [&hellip;]\" \/>\n<meta property=\"og:url\" content=\"https:\/\/innovation-yachts.com\/fr\/politique-de-confidentialite\/\" \/>\n<meta property=\"og:site_name\" content=\"Innovation Yachts\" \/>\n<meta property=\"article:publisher\" content=\"https:\/\/www.facebook.com\/NorbertSedlacekANT.ARCTIC.LAB\" \/>\n<meta property=\"article:modified_time\" content=\"2022-03-28T07:27:59+00:00\" \/>\n<meta name=\"twitter:card\" content=\"summary_large_image\" \/>\n<meta name=\"twitter:site\" content=\"@ANT_ARCTIC_LAB\" \/>\n<meta name=\"twitter:label1\" content=\"Dur\u00e9e de lecture estim\u00e9e\" \/>\n\t<meta name=\"twitter:data1\" content=\"4 minutes\" \/>\n<script type=\"application\/ld+json\" class=\"yoast-schema-graph\">{\"@context\":\"https:\/\/schema.org\",\"@graph\":[{\"@type\":\"WebPage\",\"@id\":\"https:\/\/innovation-yachts.com\/fr\/politique-de-confidentialite\/\",\"url\":\"https:\/\/innovation-yachts.com\/fr\/politique-de-confidentialite\/\",\"name\":\"Politique de confidentialit\u00e9 - Innovation Yachts\",\"isPartOf\":{\"@id\":\"https:\/\/innovation-yachts.com\/fr\/#website\"},\"datePublished\":\"2022-03-25T17:34:03+00:00\",\"dateModified\":\"2022-03-28T07:27:59+00:00\",\"breadcrumb\":{\"@id\":\"https:\/\/innovation-yachts.com\/fr\/politique-de-confidentialite\/#breadcrumb\"},\"inLanguage\":\"fr-FR\",\"potentialAction\":[{\"@type\":\"ReadAction\",\"target\":[\"https:\/\/innovation-yachts.com\/fr\/politique-de-confidentialite\/\"]}]},{\"@type\":\"BreadcrumbList\",\"@id\":\"https:\/\/innovation-yachts.com\/fr\/politique-de-confidentialite\/#breadcrumb\",\"itemListElement\":[{\"@type\":\"ListItem\",\"position\":1,\"name\":\"Accueil\",\"item\":\"https:\/\/innovation-yachts.com\/fr\/\"},{\"@type\":\"ListItem\",\"position\":2,\"name\":\"Politique de confidentialit\u00e9\"}]},{\"@type\":\"WebSite\",\"@id\":\"https:\/\/innovation-yachts.com\/fr\/#website\",\"url\":\"https:\/\/innovation-yachts.com\/fr\/\",\"name\":\"Innovation Yachts\",\"description\":\"WE DEVELOP THE YACHT BUILDING FUTURE\",\"publisher\":{\"@id\":\"https:\/\/innovation-yachts.com\/fr\/#organization\"},\"potentialAction\":[{\"@type\":\"SearchAction\",\"target\":{\"@type\":\"EntryPoint\",\"urlTemplate\":\"https:\/\/innovation-yachts.com\/fr\/?s={search_term_string}\"},\"query-input\":\"required name=search_term_string\"}],\"inLanguage\":\"fr-FR\"},{\"@type\":\"Organization\",\"@id\":\"https:\/\/innovation-yachts.com\/fr\/#organization\",\"name\":\"Innovation Yachts\",\"url\":\"https:\/\/innovation-yachts.com\/fr\/\",\"logo\":{\"@type\":\"ImageObject\",\"inLanguage\":\"fr-FR\",\"@id\":\"https:\/\/innovation-yachts.com\/fr\/#\/schema\/logo\/image\/\",\"url\":\"https:\/\/innovation-yachts.com\/wp-content\/uploads\/2022\/02\/cropped-logo-innovation-yachts.png\",\"contentUrl\":\"https:\/\/innovation-yachts.com\/wp-content\/uploads\/2022\/02\/cropped-logo-innovation-yachts.png\",\"width\":280,\"height\":80,\"caption\":\"Innovation Yachts\"},\"image\":{\"@id\":\"https:\/\/innovation-yachts.com\/fr\/#\/schema\/logo\/image\/\"},\"sameAs\":[\"https:\/\/www.facebook.com\/NorbertSedlacekANT.ARCTIC.LAB\",\"https:\/\/twitter.com\/ANT_ARCTIC_LAB\",\"https:\/\/www.instagram.com\/ant.arctic.lab\/\",\"https:\/\/www.linkedin.com\/company\/25646559\/\",\"https:\/\/www.youtube.com\/channel\/UCt6piaIOvlWOv5JxVjjHPdg\"]}]}<\/script>\n<!-- \/ Yoast SEO plugin. -->","yoast_head_json":{"title":"Politique de confidentialit\u00e9 - Innovation Yachts","robots":{"index":"index","follow":"follow","max-snippet":"max-snippet:-1","max-image-preview":"max-image-preview:large","max-video-preview":"max-video-preview:-1"},"canonical":"https:\/\/innovation-yachts.com\/fr\/politique-de-confidentialite\/","og_locale":"fr_FR","og_type":"article","og_title":"Politique de confidentialit\u00e9 - Innovation Yachts","og_description":"Collecte de l&rsquo;information Nous recueillons des informations lorsque vous naviguez sur le site, lorsque vous remplissez l\u2019un des formulaires. En outre, nous recevons et enregistrons automatiquement des informations \u00e0 partir de votre ordinateur et navigateur, comme : votre adresse IP le type de mat\u00e9riel et de navigateur utilis\u00e9s la\/les page(s) que vous consultez Utilisation des [&hellip;]","og_url":"https:\/\/innovation-yachts.com\/fr\/politique-de-confidentialite\/","og_site_name":"Innovation Yachts","article_publisher":"https:\/\/www.facebook.com\/NorbertSedlacekANT.ARCTIC.LAB","article_modified_time":"2022-03-28T07:27:59+00:00","twitter_card":"summary_large_image","twitter_site":"@ANT_ARCTIC_LAB","twitter_misc":{"Dur\u00e9e de lecture estim\u00e9e":"4 minutes"},"schema":{"@context":"https:\/\/schema.org","@graph":[{"@type":"WebPage","@id":"https:\/\/innovation-yachts.com\/fr\/politique-de-confidentialite\/","url":"https:\/\/innovation-yachts.com\/fr\/politique-de-confidentialite\/","name":"Politique de confidentialit\u00e9 - Innovation Yachts","isPartOf":{"@id":"https:\/\/innovation-yachts.com\/fr\/#website"},"datePublished":"2022-03-25T17:34:03+00:00","dateModified":"2022-03-28T07:27:59+00:00","breadcrumb":{"@id":"https:\/\/innovation-yachts.com\/fr\/politique-de-confidentialite\/#breadcrumb"},"inLanguage":"fr-FR","potentialAction":[{"@type":"ReadAction","target":["https:\/\/innovation-yachts.com\/fr\/politique-de-confidentialite\/"]}]},{"@type":"BreadcrumbList","@id":"https:\/\/innovation-yachts.com\/fr\/politique-de-confidentialite\/#breadcrumb","itemListElement":[{"@type":"ListItem","position":1,"name":"Accueil","item":"https:\/\/innovation-yachts.com\/fr\/"},{"@type":"ListItem","position":2,"name":"Politique de confidentialit\u00e9"}]},{"@type":"WebSite","@id":"https:\/\/innovation-yachts.com\/fr\/#website","url":"https:\/\/innovation-yachts.com\/fr\/","name":"Innovation Yachts","description":"WE DEVELOP THE YACHT BUILDING FUTURE","publisher":{"@id":"https:\/\/innovation-yachts.com\/fr\/#organization"},"potentialAction":[{"@type":"SearchAction","target":{"@type":"EntryPoint","urlTemplate":"https:\/\/innovation-yachts.com\/fr\/?s={search_term_string}"},"query-input":"required name=search_term_string"}],"inLanguage":"fr-FR"},{"@type":"Organization","@id":"https:\/\/innovation-yachts.com\/fr\/#organization","name":"Innovation Yachts","url":"https:\/\/innovation-yachts.com\/fr\/","logo":{"@type":"ImageObject","inLanguage":"fr-FR","@id":"https:\/\/innovation-yachts.com\/fr\/#\/schema\/logo\/image\/","url":"https:\/\/innovation-yachts.com\/wp-content\/uploads\/2022\/02\/cropped-logo-innovation-yachts.png","contentUrl":"https:\/\/innovation-yachts.com\/wp-content\/uploads\/2022\/02\/cropped-logo-innovation-yachts.png","width":280,"height":80,"caption":"Innovation Yachts"},"image":{"@id":"https:\/\/innovation-yachts.com\/fr\/#\/schema\/logo\/image\/"},"sameAs":["https:\/\/www.facebook.com\/NorbertSedlacekANT.ARCTIC.LAB","https:\/\/twitter.com\/ANT_ARCTIC_LAB","https:\/\/www.instagram.com\/ant.arctic.lab\/","https:\/\/www.linkedin.com\/company\/25646559\/","https:\/\/www.youtube.com\/channel\/UCt6piaIOvlWOv5JxVjjHPdg"]}]}},"_links":{"self":[{"href":"https:\/\/innovation-yachts.com\/fr\/wp-json\/wp\/v2\/pages\/5674"}],"collection":[{"href":"https:\/\/innovation-yachts.com\/fr\/wp-json\/wp\/v2\/pages"}],"about":[{"href":"https:\/\/innovation-yachts.com\/fr\/wp-json\/wp\/v2\/types\/page"}],"author":[{"embeddable":true,"href":"https:\/\/innovation-yachts.com\/fr\/wp-json\/wp\/v2\/users\/1"}],"replies":[{"embeddable":true,"href":"https:\/\/innovation-yachts.com\/fr\/wp-json\/wp\/v2\/comments?post=5674"}],"version-history":[{"count":16,"href":"https:\/\/innovation-yachts.com\/fr\/wp-json\/wp\/v2\/pages\/5674\/revisions"}],"predecessor-version":[{"id":6094,"href":"https:\/\/innovation-yachts.com\/fr\/wp-json\/wp\/v2\/pages\/5674\/revisions\/6094"}],"wp:attachment":[{"href":"https:\/\/innovation-yachts.com\/fr\/wp-json\/wp\/v2\/media?parent=5674"}],"curies":[{"name":"wp","href":"https:\/\/api.w.org\/{rel}","templated":true}]}}